{"id":681,"date":"2019-06-12T08:17:58","date_gmt":"2019-06-12T08:17:58","guid":{"rendered":"https:\/\/jumping.lu\/?page_id=681"},"modified":"2019-06-12T08:23:09","modified_gmt":"2019-06-12T08:23:09","slug":"mentions-legales-politique-de-confidentialite","status":"publish","type":"page","link":"https:\/\/www.jumping.lu\/fr\/mentions-legales-politique-de-confidentialite\/","title":{"rendered":"Mentions l\u00e9gales &#038; Politique de confidentialit\u00e9"},"content":{"rendered":"<h2>Mentions l\u00e9gales<\/h2>\n<p>Equisports s.\u00e0.r.l<br \/>\n1, rue du Verger<br \/>\nL-2665 Luxembourg<\/p>\n<h2>Politique de confidentialit\u00e9<\/h2>\n<p>Nous traitons uniquement vos donn\u00e9es \u00e0 caract\u00e8re personnel (ci-apr\u00e8s d\u00e9nomm\u00e9es le plus souvent \u00ab\u00a0Donn\u00e9es\u00a0\u00bb) selon les besoins et dans le but de proposer un site internet fonctionnel et convivial, notamment dans son contenu et en termes de services propos\u00e9s.<\/p>\n<p>En vertu de l\u2019art. 4, paragraphe 1, du r\u00e8glement (UE) 2016\/679, le r\u00e8glement de base sur la protection des donn\u00e9es (ci-apr\u00e8s d\u00e9nomm\u00e9 \u00ab\u00a0RGPD\u00a0\u00bb) correspond \u00e0 toute op\u00e9ration ou tout ensemble d\u2019op\u00e9rations effectu\u00e9es avec ou sans proc\u00e9d\u00e9s automatis\u00e9s et appliqu\u00e9s \u00e0 des donn\u00e9es ou des ensembles de donn\u00e9es \u00e0 caract\u00e8re personnel, telles que la collecte, l\u2019enregistrement, l\u2019organisation, la structuration, la conservation, l\u2019adaptation ou la modification, la lecture, la consultation, l\u2019utilisation, la communication par transmission, la diffusion ou tout autre moyen permettant le rapprochement ou l\u2019interconnexion, la limitation, l\u2019effacement ou la destruction.<\/p>\n<p>Notre politique de confidentialit\u00e9 vous fournit principalement des informations relatives \u00e0 la nature, la port\u00e9e, l\u2019objectif, la dur\u00e9e et la base l\u00e9gale du traitement des donn\u00e9es \u00e0 caract\u00e8re personnel, dans la mesure o\u00f9 nous d\u00e9cidons des objectifs et des moyens du traitement, seuls ou avec d\u2019autres partenaires. Nous vous informons \u00e9galement des partenaires tiers avec lesquels nous travaillons \u00e0 des fins d\u2019optimisation et d\u2019augmentation de la qualit\u00e9 d\u2019utilisation, lorsque ces derniers traitent les donn\u00e9es sous leur propre responsabilit\u00e9.<\/p>\n<p>Notre politique de confidentialit\u00e9 est structur\u00e9e comme suit\u00a0:<\/p>\n<p>I. Informations nous concernant en tant que responsables<br \/>\nII. Droits de l\u2019utilisateur et des parties concern\u00e9es<br \/>\nIII. Informations relatives au traitement des donn\u00e9es<\/p>\n<p><strong>I. Informations nous concernant en tant que responsables<\/strong><\/p>\n<p>En termes de protection des donn\u00e9es, le fournisseur responsable de ce site internet est\u00a0:<\/p>\n<p>Equisports s.\u00e0.r.l<br \/>\n1, rue du Verger<br \/>\nL-2665 Luxembourg<\/p>\n<p>Telephone: +352 621 29 49 49<br \/>\nEmail: &#105;&#110;&#x66;o&#64;&#x6a;&#x75;m&#112;&#x69;&#x6e;g&#46;&#x6c;&#x75;<\/p>\n<p>Les responsables de la protection des donn\u00e9es chez le fournisseur sont :<\/p>\n<p>Julie Thiry et Guy Reuter<\/p>\n<p><strong>II. Droits de l\u2019utilisateur et des parties concern\u00e9es<\/strong><\/p>\n<p>En ce qui concerne le traitement des donn\u00e9es d\u00e9crit ci-dessous plus en d\u00e9tail, les utilisateurs et les personnes concern\u00e9es ont le droit\u00a0:<\/p>\n<ul type=\"disc\">\n<li>D\u2019obtenir la confirmation que les donn\u00e9es sont trait\u00e9es, de savoir quels types de donn\u00e9es sont trait\u00e9s, d\u2019obtenir des informations suppl\u00e9mentaires relatives au traitement des donn\u00e9es et des copies des donn\u00e9es (voir \u00e9galement l\u2019Art. 15 du RGPD)\u00a0;<\/li>\n<li>De pouvoir corriger ou compl\u00e9ter des donn\u00e9es erron\u00e9es ou incompl\u00e8tes (voir l\u2019Art. 16 du RGPD)\u00a0;<\/li>\n<li>De pouvoir supprimer imm\u00e9diatement les donn\u00e9es les concernant (voir \u00e9galement l\u2019Art. 17 du RGPD), ou, de savoir si un traitement suppl\u00e9mentaire, conform\u00e9ment \u00e0 l\u2019Art. 17, paragraphe 3 du RGPD, est requis. De pouvoir limiter le traitement, conform\u00e9ment \u00e0 l\u2019Art. 18 du RGPD\u00a0;<\/li>\n<li>De pouvoir obtenir les donn\u00e9es les concernant et qu\u2019ils ont fournies, et de savoir si ces donn\u00e9es ont \u00e9t\u00e9 transmises \u00e0 d\u2019autres prestataires\/autorit\u00e9s (voir \u00e9galement l\u2019Art. 20 du RGPD)\u00a0;<\/li>\n<li>De d\u00e9poser une plainte aupr\u00e8s des autorit\u00e9s de contr\u00f4le s\u2019ils consid\u00e8rent que le fournisseur viole la r\u00e8glementation en mati\u00e8re de protection des donn\u00e9es (voir \u00e9galement l\u2019Art. 77 du RGPD).<\/li>\n<\/ul>\n<p>En outre, le fournisseur est tenu d\u2019informer tous les destinataires, aupr\u00e8s desquels les donn\u00e9es ont \u00e9t\u00e9 divulgu\u00e9es, de toute modification, suppression de donn\u00e9es ou restriction du traitement, et ce, conform\u00e9ment \u00e0 l\u2019article 16, 17 paragraphes 1, 18 du RGPD. Cependant, cette obligation ne s\u2019applique toutefois pas si la communication des informations s\u2019av\u00e8re impossible ou implique des efforts disproportionn\u00e9s. L\u2019utilisateur a n\u00e9anmoins le droit d\u2019obtenir des informations sur ces destinataires.<\/p>\n<p><strong>De m\u00eame, en vertu de l\u2019Art. 21 du RGPD, les utilisateurs et les personnes concern\u00e9es peuvent s\u2019opposer au traitement ult\u00e9rieur de leurs donn\u00e9es si les donn\u00e9es sont trait\u00e9es par le fournisseur conform\u00e9ment \u00e0 l\u2019Art. 6, paragraphe 1, point f du RGPD. Il est en particulier autoris\u00e9 de s\u2019opposer au traitement des donn\u00e9es \u00e0 des fins de publicit\u00e9 directe.<\/strong><\/p>\n<p><strong>III. Informations relatives au traitement des donn\u00e9es<\/strong><\/p>\n<p>Vos donn\u00e9es trait\u00e9es lors de l\u2019utilisation de notre site internet seront supprim\u00e9es ou bloqu\u00e9es d\u00e8s lors que la raison de leur conservation n\u2019a plus lieu d\u2019\u00eatre, que leur suppression n\u2019entre pas en conflit avec les exigences l\u00e9gales en mati\u00e8re de conservation. Aucune autre information ne sera fournie ult\u00e9rieurement relativement aux m\u00e9thodes de traitement individuelles.<\/p>\n<h4>Donn\u00e9es de serveur<\/h4>\n<p>Pour des raisons techniques, et notamment pour assurer la s\u00e9curit\u00e9 et la stabilit\u00e9 du site internet, les donn\u00e9es nous sont transmises via votre navigateur Internet ou sont transmises \u00e0 notre fournisseur d\u2019espace internet. Les fichiers journaux de serveur collectent\u00a0: le type et la version de votre navigateur internet, votre syst\u00e8me d\u2019exploitation, le site internet \u00e0 partir duquel vous \u00eates arriv\u00e9 sur notre site (URL de r\u00e9f\u00e9rence), le ou les pages de notre site que vous consultez, la date et l\u2019heure de l\u2019acc\u00e8s, et enfin, l\u2019adresse IP de la connexion internet \u00e0 partir de laquelle l\u2019utilisation de notre site a eu lieu.<\/p>\n<p>Ces donn\u00e9es collect\u00e9es seront temporairement conserv\u00e9es, mais ne seront pas partag\u00e9es avec d\u2019autres donn\u00e9es vous concernant.<\/p>\n<p>Cette conservation est effectu\u00e9e selon l\u2019Art. 6, paragraphe 1, point f) du RGPD. Notre int\u00e9r\u00eat est l\u00e9gitime car ces donn\u00e9es participent \u00e0 l\u2019am\u00e9lioration, la stabilit\u00e9, la fonctionnalit\u00e9 et la s\u00e9curit\u00e9 de notre site.<\/p>\n<p>Les donn\u00e9es seront supprim\u00e9es au plus tard au bout de sept jours, sauf si nous devons les conserver plus longtemps \u00e0 titre probatoire. Dans ce cas, tout ou partie des donn\u00e9es sera conserv\u00e9 jusqu\u2019au r\u00e8glement d\u00e9finitif du probl\u00e8me.<\/p>\n<h4>Demandes\/possibilit\u00e9s de contact<\/h4>\n<p>Si vous nous contactez via un formulaire de contact ou par e-mail, les donn\u00e9es fournies seront utilis\u00e9es pour traiter votre demande. Fournir ces donn\u00e9es est n\u00e9cessaire pour traiter votre demande et y r\u00e9pondre : si vous ne les fournissez pas, nous ne pourrons pas r\u00e9pondre ou y r\u00e9pondrons, au mieux, dans la mesure du possible.<br \/>\nLa base juridique pour ce traitement est l\u2019Art. 6, paragraphe 1, point b) du RGPD.<br \/>\nVos donn\u00e9es seront par la suite supprim\u00e9es, \u00e0 condition que nous ayons r\u00e9pondu \u00e0 votre demande et que la suppression ne viole pas les exigences de conservation l\u00e9gales, par exemple, pour ex\u00e9cuter un contrat ult\u00e9rieurement.<\/p>\n<h4>Google reCAPTCHA<\/h4>\n<p>Sur notre site internet, nous utilisons Google reCAPTCHA pour contr\u00f4ler et \u00e9viter les interactions via un acc\u00e8s automatis\u00e9, par exemple, via des \u00ab\u00a0robots\u00a0\u00bb. Google Maps est un service fourni par Google LLC, Gordon House, Barrow Street, Dublin 4, Irland, ci-apr\u00e8s d\u00e9nomm\u00e9 \u00ab\u00a0Google\u00a0\u00bb.<\/p>\n<p>En \u00e9tant certifi\u00e9 sous le bouclier de protection de la vie priv\u00e9e UE-\u00c9tats-Unis (\u00ab\u00a0EU-US Privacy Shield\u00a0\u00bb),<\/p>\n<p><a href=\"https:\/\/www.privacyshield.gov\/participant?id=a2zt000000001L5AAI&amp;status=Active\" target=\"_blank\" rel=\"noopener noreferrer\">https:\/\/www.privacyshield.gov\/participant?id=a2zt000000001L5AAI&amp;status=Active<\/a><\/p>\n<p>Google garantit le respect des normes europ\u00e9ennes en mati\u00e8re de protection des donn\u00e9es, notamment lors du traitement de donn\u00e9es aux \u00c9tats-Unis.<\/p>\n<p>Gr\u00e2ce \u00e0 ce service, Google peut d\u00e9terminer \u00e0 partir de quel site une demande est envoy\u00e9e et \u00e0 partir de quelle adresse IP vous utilisez la zone de saisie reCAPTCHA. Outre votre adresse IP, des informations suppl\u00e9mentaires peuvent \u00eatre collect\u00e9es par Google, ce qui est n\u00e9cessaire pour l\u2019offre et la garantie de ce service.<\/p>\n<p>La base juridique est l\u2019Art. 6, paragraphe 1, point f) du RGPD. Notre int\u00e9r\u00eat l\u00e9gitime r\u00e9side dans la s\u00e9curit\u00e9 de notre site et dans la protection contre les acc\u00e8s automatis\u00e9s non d\u00e9sir\u00e9s, sous forme de spam, etc.<\/p>\n<p>Google offre des informations suppl\u00e9mentaires \u00e0 l\u2019adresse\u00a0:<\/p>\n<p><a href=\"https:\/\/policies.google.com\/privacy\" target=\"_blank\" rel=\"noopener noreferrer\">https:\/\/policies.google.com\/privacy<\/a><\/p>\n<p>sur le traitement g\u00e9n\u00e9ral de vos donn\u00e9es utilisateur.<\/p>\n<h4>Google Fonts<\/h4>\n<p>Nous utilisons Google Fonts pour afficher les polices externes sur notre site. Google Maps est un service fourni par Google LLC, Gordon House, Barrow Street, Dublin 4, Irland, ci-apr\u00e8s d\u00e9nomm\u00e9 \u00ab\u00a0Google\u00a0\u00bb.<\/p>\n<p>En \u00e9tant certifi\u00e9 sous le bouclier de protection de la vie priv\u00e9e UE-\u00c9tats-Unis (\u00ab\u00a0EU-US Privacy Shield\u00a0\u00bb),<\/p>\n<p><a href=\"https:\/\/www.privacyshield.gov\/participant?id=a2zt000000001L5AAI&amp;status=Active\" target=\"_blank\" rel=\"noopener noreferrer\">https:\/\/www.privacyshield.gov\/participant?id=a2zt000000001L5AAI&amp;status=Active<\/a><\/p>\n<p>Google garantit le respect des normes europ\u00e9ennes en mati\u00e8re de protection des donn\u00e9es, notamment lors du traitement de donn\u00e9es aux \u00c9tats-Unis.<\/p>\n<p>Afin de pouvoir proposer une repr\u00e9sentation graphique de certains textes, une connexion au serveur de Google aux \u00c9tats-Unis s\u2019\u00e9tablit lorsque vous visitez notre site.<\/p>\n<p>La base juridique est l\u2019Art. 6, paragraphe 1, point f) du RGPD. Notre int\u00e9r\u00eat l\u00e9gitime r\u00e9side dans l\u2019optimisation et une exploitation rentable de notre site.<\/p>\n<p>La connexion \u00e9tablie avec Google lors de l\u2019appel de notre site lui permet de d\u00e9terminer \u00e0 partir de quel site internet votre demande a \u00e9t\u00e9 envoy\u00e9e et \u00e0 quelle adresse IP la pr\u00e9sentation de la police doit \u00eatre transmise.<\/p>\n<p>Google offre des informations suppl\u00e9mentaires aux adresses\u00a0:<\/p>\n<p><a href=\"https:\/\/adssettings.google.com\/authenticated\" target=\"_blank\" rel=\"noopener noreferrer\">https:\/\/adssettings.google.com\/authenticated<\/a><\/p>\n<p><a href=\"https:\/\/policies.google.com\/privacy\" target=\"_blank\" rel=\"noopener noreferrer\">https:\/\/policies.google.com\/privacy<\/a><\/p>\n<p>en particulier sur les possibilit\u00e9s d\u2019emp\u00eacher l\u2019utilisation de donn\u00e9es.<\/p>\n<h4>OpenStreetMap<\/h4>\n<p>Pour les plans d\u2019acc\u00e8s, nous utilisons OpenStreetMap, un service de OpenStreetMap Foundation, St John\u2019s Innovation Centre, Cowley Road, Cambridge, CB 4 0 WS, Royaume-Uni, ci-apr\u00e8s d\u00e9nomm\u00e9 \u00ab\u00a0OpenStreetMap\u00a0\u00bb.<\/p>\n<p>Lorsque vous consultez l\u2019une de nos pages internet, dans laquelle le service OpenStreetMap est int\u00e9gr\u00e9, ce dernier enregistre un cookie sur votre appareil via votre navigateur. Vos param\u00e8tres utilisateur et vos donn\u00e9es utilisateur sont alors trait\u00e9es dans le but d\u2019afficher la page ou d\u2019assurer la fonctionnalit\u00e9 du service OpenStreetMap. Ce traitement permet \u00e0 OpenStreetMap de reconna\u00eetre depuis quel site votre demande a \u00e9t\u00e9 envoy\u00e9e et \u00e0 quelle adresse IP le plan d\u2019acc\u00e8s doit \u00eatre transmis.<\/p>\n<p>La base juridique est l\u2019Art. 6, paragraphe 1, point f) du RGPD. Notre int\u00e9r\u00eat l\u00e9gitime r\u00e9side dans l\u2019optimisation et une exploitation rentable de notre site.<\/p>\n<p>Si vous ne souhaitez pas que ce traitement soit effectu\u00e9, vous pouvez emp\u00eacher l\u2019installation des cookies en param\u00e9trant votre navigateur Internet \u00e0 cet effet. Vous trouverez des informations \u00e0 ce sujet dans la rubrique \u00ab\u00a0Cookies\u00a0\u00bb.<\/p>\n<p>OpenStreetMap fournit \u00e0 l\u2019adresse\u00a0:<\/p>\n<p><a href=\"https:\/\/wiki.osmfoundation.org\/wiki\/Privacy_Policy\" target=\"_blank\" rel=\"noopener noreferrer\">https:\/\/wiki.osmfoundation.org\/wiki\/Privacy_Policy<\/a><\/p>\n<p>de plus amples informations sur la collecte et l\u2019utilisation des donn\u00e9es, vos droits et les moyens de prot\u00e9ger votre vie priv\u00e9e.<\/p>\n<h4>YouTube<\/h4>\n<p>Nous utilisons YouTube sur notre site internet. Nous faisons ici r\u00e9f\u00e9rence \u00e0 un portail vid\u00e9o de YouTube LLC., 901 Cherry Ave., 94066 San Bruno, CA, ci-apr\u00e8s d\u00e9nomm\u00e9 \u00ab\u00a0YouTube\u00a0\u00bb.<\/p>\n<p>YouTube est une filiale de Google LLC, Gordon House, Barrow Street, Dublin 4, Irland, ci-apr\u00e8s d\u00e9nomm\u00e9 \u00ab\u00a0Google\u00a0\u00bb.<\/p>\n<p>En \u00e9tant certifi\u00e9 sous le bouclier de protection de la vie priv\u00e9e UE-\u00c9tats-Unis (\u00ab\u00a0EU-US Privacy Shield\u00a0\u00bb),<\/p>\n<p><a href=\"https:\/\/www.privacyshield.gov\/participant?id=a2zt000000001L5AAI&amp;status=Active\" target=\"_blank\" rel=\"noopener noreferrer\">https:\/\/www.privacyshield.gov\/participant?id=a2zt000000001L5AAI&amp;status=Active<\/a><\/p>\n<p>Google, associ\u00e9 \u00e0 sa filiale YouTube, garantit le respect des normes europ\u00e9ennes en mati\u00e8re de protection des donn\u00e9es, notamment lors du traitement de donn\u00e9es aux \u00c9tats-Unis.<\/p>\n<p>Pour vous proposer des vid\u00e9os, nous utilisons YouTube et la fonction de \u00ab\u00a0mode de protection des donn\u00e9es avanc\u00e9\u00a0\u00bb. La base juridique est l\u2019Art. 6, paragraphe 1, point f) du RGPD. Notre int\u00e9r\u00eat l\u00e9gitime r\u00e9side dans l\u2019am\u00e9lioration de la qualit\u00e9 de notre site internet. La fonction de \u00ab\u00a0mode de protection des donn\u00e9es renforc\u00e9\u00a0\u00bb signifie, selon YouTube, que les donn\u00e9es ci-dessous ne sont pas transmises au serveur de YouTube, sauf si vous lisez r\u00e9ellement une vid\u00e9o.<\/p>\n<p>Sans cette \u00ab\u00a0protection des donn\u00e9es renforc\u00e9e \u00bb, vous seriez connect\u00e9 au serveur YouTube aux \u00c9tats-Unis d\u00e8s lors que vous visiteriez l\u2019une de nos pages contenant une vid\u00e9o YouTube.<\/p>\n<p>Cette connexion est n\u00e9cessaire pour pouvoir afficher la vid\u00e9o correspondante sur notre site via votre navigateur internet. Pour ce faire, YouTube collecte et traite au moins votre adresse IP, la date et l\u2019heure, ainsi que la page que vous consultez. Il se connecte \u00e9galement au r\u00e9seau publicitaire \u00ab DoubleClick\u00a0\u00bb de Google.<\/p>\n<p>Si vous \u00eates connect\u00e9 simultan\u00e9ment \u00e0 YouTube, ce dernier fournit les informations de connexion \u00e0 votre compte YouTube. Si vous souhaitez \u00e9viter que cela ne se produise, vous devez soit vous d\u00e9connecter de YouTube avant de consulter notre site, soit d\u00e9finir les param\u00e8tres appropri\u00e9s dans votre compte utilisateur YouTube.<\/p>\n<p>Pour des raisons de fonctionnalit\u00e9 et pour l\u2019analyse du comportement d\u2019utilisation, YouTube enregistre en permanence les cookies via votre navigateur internet sur votre appareil. Si vous ne souhaitez pas que ce traitement soit effectu\u00e9, vous pouvez emp\u00eacher l\u2019enregistrement des cookies en param\u00e9trant votre navigateur Internet \u00e0 cet effet. Pour obtenir des informations suppl\u00e9mentaires, veuillez consulter la rubrique \u00ab\u00a0Cookies\u00a0\u00bb ci-dessus.<\/p>\n<p>Pour obtenir des informations suppl\u00e9mentaires sur la collecte et l\u2019utilisation de donn\u00e9es, ainsi que sur vos droits et vos options de protection, consultez la politique de confidentialit\u00e9 de Google \u00e0 l\u2019adresse\u00a0:<\/p>\n<p><a href=\"https:\/\/policies.google.com\/privacy\" target=\"_blank\" rel=\"noopener noreferrer\">https:\/\/policies.google.com\/privacy<\/a><\/p>\n<p><a href=\"https:\/\/www.ratgeberrecht.eu\/leistungen\/muster-datenschutzerklaerung.html\" target=\"_blank\" rel=\"noopener noreferrer\">Exemple de politique de confidentialit\u00e9<\/a> du <a href=\"https:\/\/www.ratgeberrecht.eu\/\" target=\"_blank\" rel=\"noopener noreferrer\">cabinet d\u2019avocats Wei\u00df &amp; Partner<\/a><\/p>\n","protected":false},"excerpt":{"rendered":"<p>Mentions l\u00e9gales Equisports s.\u00e0.r.l 1, rue du Verger L-2665 Luxembourg Politique de confidentialit\u00e9 Nous traitons uniquement vos donn\u00e9es \u00e0 caract\u00e8re personnel (ci-apr\u00e8s d\u00e9nomm\u00e9es le plus souvent \u00ab\u00a0Donn\u00e9es\u00a0\u00bb) selon les besoins&#8230;<\/p>\n","protected":false},"author":1,"featured_media":0,"parent":0,"menu_order":0,"comment_status":"closed","ping_status":"closed","template":"","meta":{"om_disable_all_campaigns":false,"_monsterinsights_skip_tracking":false,"_monsterinsights_sitenote_active":false,"_monsterinsights_sitenote_note":"","_monsterinsights_sitenote_category":0,"_uf_show_specific_survey":0,"_uf_disable_surveys":false},"aioseo_notices":[],"_links":{"self":[{"href":"https:\/\/www.jumping.lu\/fr\/wp-json\/wp\/v2\/pages\/681"}],"collection":[{"href":"https:\/\/www.jumping.lu\/fr\/wp-json\/wp\/v2\/pages"}],"about":[{"href":"https:\/\/www.jumping.lu\/fr\/wp-json\/wp\/v2\/types\/page"}],"author":[{"embeddable":true,"href":"https:\/\/www.jumping.lu\/fr\/wp-json\/wp\/v2\/users\/1"}],"replies":[{"embeddable":true,"href":"https:\/\/www.jumping.lu\/fr\/wp-json\/wp\/v2\/comments?post=681"}],"version-history":[{"count":5,"href":"https:\/\/www.jumping.lu\/fr\/wp-json\/wp\/v2\/pages\/681\/revisions"}],"predecessor-version":[{"id":686,"href":"https:\/\/www.jumping.lu\/fr\/wp-json\/wp\/v2\/pages\/681\/revisions\/686"}],"wp:attachment":[{"href":"https:\/\/www.jumping.lu\/fr\/wp-json\/wp\/v2\/media?parent=681"}],"curies":[{"name":"wp","href":"https:\/\/api.w.org\/{rel}","templated":true}]}}